{"id":1996,"date":"2024-12-25T18:43:26","date_gmt":"2024-12-25T18:43:26","guid":{"rendered":"https:\/\/demo.artureanec.com\/themes\/aiero\/?page_id=1996"},"modified":"2025-08-21T06:27:17","modified_gmt":"2025-08-21T06:27:17","slug":"blog","status":"publish","type":"page","link":"https:\/\/gelecekvadisi.org\/ins\/blog\/","title":{"rendered":"Blog"},"content":{"rendered":"\t\t<div data-elementor-type=\"wp-page\" data-elementor-id=\"1996\" class=\"elementor elementor-1996\">\n\t\t\t\t\t\t<section class=\"elementor-section elementor-top-section elementor-element elementor-element-ddd2308 elementor-section-boxed elementor-section-height-default elementor-section-height-default\" data-id=\"ddd2308\" data-element_type=\"section\">\n\t\t\t\t\t\t<div class=\"elementor-container elementor-column-gap-default\">\n\t\t\t\t\t<div class=\"elementor-column elementor-col-100 elementor-top-column elementor-element elementor-element-7839f7d\" data-id=\"7839f7d\" data-element_type=\"column\">\n\t\t\t<div class=\"elementor-widget-wrap elementor-element-populated\">\n\t\t\t\t\t\t<div class=\"elementor-element elementor-element-8763623 listing-pagination-border-style-gradient listing-pagination-background-style-gradient elementor-widget elementor-widget-aiero_blog_listing\" data-id=\"8763623\" data-element_type=\"widget\" data-widget_type=\"aiero_blog_listing.default\">\n\t\t\t\t<div class=\"elementor-widget-container\">\n\t\t\t\t\t\n        <div class=\"archive-listing\" data-ajax='{&quot;post_type&quot;:&quot;post&quot;,&quot;post_status&quot;:&quot;publish&quot;,&quot;posts_per_page&quot;:5,&quot;orderby&quot;:&quot;date&quot;,&quot;order&quot;:&quot;desc&quot;,&quot;paged&quot;:1,&quot;category_name&quot;:&quot;&quot;,&quot;tag&quot;:&quot;&quot;,&quot;post__in&quot;:&quot;&quot;,&quot;ignore_sticky_posts&quot;:false,&quot;link_base&quot;:&quot;https:\\\/\\\/gelecekvadisi.org\\\/ins\\\/wp-json\\\/wp\\\/v2\\\/pages\\\/1996&quot;}' data-widget='{&quot;listing_type&quot;:&quot;classic&quot;,&quot;excerpt_length&quot;:190,&quot;show_cat&quot;:&quot;yes&quot;,&quot;show_media&quot;:&quot;yes&quot;,&quot;show_author&quot;:&quot;yes&quot;,&quot;show_date&quot;:&quot;yes&quot;,&quot;show_title&quot;:&quot;yes&quot;,&quot;show_tags&quot;:&quot;no&quot;,&quot;show_excerpt&quot;:&quot;yes&quot;,&quot;show_read_more&quot;:&quot;&quot;,&quot;read_more_text&quot;:&quot;Read More&quot;,&quot;columns_number&quot;:1,&quot;show_pagination&quot;:&quot;yes&quot;,&quot;item_class&quot;:&quot;post standard-blog-item-wrapper view-type-column&quot;,&quot;view_type&quot;:&quot;column&quot;}'>\n            <div class=\"archive-listing-wrapper classic-listing\">\n                \n<div class=\"standard-blog-item-wrapper post view-type-column post-14056 type-post status-publish format-standard has-post-thumbnail hentry category-contest\">\n    <div class=\"blog-item\">\n        <div class=\"post-media-wrapper\"><a href=\"https:\/\/gelecekvadisi.org\/ins\/yapay-zeka-ile-siir-yazma-yarismasi\/\"><picture><source media=\"(max-width: 575px)\" sizes=\"(max-width: 575px) 575px\" srcset=\"https:\/\/gelecekvadisi.org\/ins\/wp-content\/uploads\/2025\/10\/siir-yazma-yarismasi-2025-post-1-540x274.jpg 575w\"><source media=\"(max-width: 991px)\" sizes=\"(max-width: 991px) 991px\" srcset=\"https:\/\/gelecekvadisi.org\/ins\/wp-content\/uploads\/2025\/10\/siir-yazma-yarismasi-2025-post-1-540x472.jpg 991w\"><img decoding=\"async\" alt=\"s\u0327iir-yazma-yar\u0131s\u0327mas\u0131-2025-post-1\" title=\"s\u0327iir-yazma-yar\u0131s\u0327mas\u0131-2025-post-1\" src=\"https:\/\/gelecekvadisi.org\/ins\/wp-content\/uploads\/2025\/10\/siir-yazma-yarismasi-2025-post-1-540x638.jpg\" class=\"attachment-post-thumbnail size-post-thumbnail wp-post-image\" \/><\/picture><\/a><\/div><div class=\"post-meta-header\"><div class=\"post-meta-items-wrapper\"><div class=\"post-meta-items\"><div class=\"post-meta-item post-meta-item-date\"><a href=\"https:\/\/gelecekvadisi.org\/ins\/2025\/10\/03\/\">Ekim 3, 2025<\/a><\/div><div class=\"post-meta-item post-meta-item-author\"><a href=\"https:\/\/gelecekvadisi.org\/ins\/author\/admin\/\">admin<\/a><\/div><\/div><\/div><\/div><h3 class=\"post-title\"><a href=\"https:\/\/gelecekvadisi.org\/ins\/yapay-zeka-ile-siir-yazma-yarismasi\/\">Yapay Zek\u00e2 ile \u015eiir Yazma Yar\u0131\u015fmas\u0131<\/a><\/h3><div class=\"post-content\">Yapay Zek\u00e2 ile \u015eiir Yazma Yar\u0131\u015fmas\u0131 \u2014 Aile Temas\u0131STKFEST kapsam\u0131nda, Sabahattin Zaim \u00dcniversitesi Kamp\u00fcs\u00fc\u2019nde Edebiyat ve Teknolojinin Bulu\u015fmas\u0131Sanat\u0131n en eski ifade bi\u00e7iml<\/div><div class=\"post-labels\"><div class=\"post-categories\"><a class=\"post-category-item\" href=\"https:\/\/gelecekvadisi.org\/ins\/category\/contest\/\">Contest<\/a><\/div><\/div>    <\/div>\n<\/div>\n<div class=\"standard-blog-item-wrapper post view-type-column post-14051 type-post status-publish format-standard has-post-thumbnail hentry category-contest\">\n    <div class=\"blog-item\">\n        <div class=\"post-media-wrapper\"><a href=\"https:\/\/gelecekvadisi.org\/ins\/yapay-zeka-ile-uygulama-yapma-yarismasi\/\"><picture><source media=\"(max-width: 575px)\" sizes=\"(max-width: 575px) 575px\" srcset=\"https:\/\/gelecekvadisi.org\/ins\/wp-content\/uploads\/2025\/10\/Uygulama-Yarismasi-Post-1-575x274.jpg 575w\"><source media=\"(max-width: 991px)\" sizes=\"(max-width: 991px) 991px\" srcset=\"https:\/\/gelecekvadisi.org\/ins\/wp-content\/uploads\/2025\/10\/Uygulama-Yarismasi-Post-1-991x472.jpg 991w\"><img decoding=\"async\" alt=\"Uygulama-Yar\u0131s\u0327mas\u0131-Post\" title=\"Uygulama-Yar\u0131s\u0327mas\u0131-Post\" src=\"https:\/\/gelecekvadisi.org\/ins\/wp-content\/uploads\/2025\/10\/Uygulama-Yarismasi-Post-1-1080x638.jpg\" class=\"attachment-post-thumbnail size-post-thumbnail wp-post-image\" \/><\/picture><\/a><\/div><div class=\"post-meta-header\"><div class=\"post-meta-items-wrapper\"><div class=\"post-meta-items\"><div class=\"post-meta-item post-meta-item-date\"><a href=\"https:\/\/gelecekvadisi.org\/ins\/2025\/10\/03\/\">Ekim 3, 2025<\/a><\/div><div class=\"post-meta-item post-meta-item-author\"><a href=\"https:\/\/gelecekvadisi.org\/ins\/author\/admin\/\">admin<\/a><\/div><\/div><\/div><\/div><h3 class=\"post-title\"><a href=\"https:\/\/gelecekvadisi.org\/ins\/yapay-zeka-ile-uygulama-yapma-yarismasi\/\">Yapay Zek\u00e2 ile Uygulama Yapma Yar\u0131\u015fmas\u0131<\/a><\/h3><div class=\"post-content\">Yapay Zek\u00e2 ile Uygulama Yapma Yar\u0131\u015fmas\u0131 Bug\u00fcn d\u00fcnyan\u0131n d\u00f6rt bir yan\u0131nda gen\u00e7 giri\u015fimciler, yaln\u0131zca yapay zek\u00e2 ara\u00e7lar\u0131n\u0131 kullanarak milyon dolarlar de\u011ferinde uygulamalar ya<\/div><div class=\"post-labels\"><div class=\"post-categories\"><a class=\"post-category-item\" href=\"https:\/\/gelecekvadisi.org\/ins\/category\/contest\/\">Contest<\/a><\/div><\/div>    <\/div>\n<\/div>\n<div class=\"standard-blog-item-wrapper post view-type-column post-14042 type-post status-publish format-standard has-post-thumbnail hentry category-uncategorized\">\n    <div class=\"blog-item\">\n        <div class=\"post-media-wrapper\"><a href=\"https:\/\/gelecekvadisi.org\/ins\/yapay-zeka-araclarinin-gorunmez-yuzu-system-promptlar\/\"><picture><source media=\"(max-width: 575px)\" sizes=\"(max-width: 575px) 575px\" srcset=\"https:\/\/gelecekvadisi.org\/ins\/wp-content\/uploads\/2025\/09\/Ekran-Resmi-2025-09-04-15.56.21-575x274.png 575w\"><source media=\"(max-width: 991px)\" sizes=\"(max-width: 991px) 991px\" srcset=\"https:\/\/gelecekvadisi.org\/ins\/wp-content\/uploads\/2025\/09\/Ekran-Resmi-2025-09-04-15.56.21-991x472.png 991w\"><img decoding=\"async\" alt=\"Ekran Resmi 2025-09-04 15.56.21\" title=\"Ekran Resmi 2025-09-04 15.56.21\" src=\"https:\/\/gelecekvadisi.org\/ins\/wp-content\/uploads\/2025\/09\/Ekran-Resmi-2025-09-04-15.56.21-1340x562.png\" class=\"attachment-post-thumbnail size-post-thumbnail wp-post-image\" \/><\/picture><\/a><\/div><div class=\"post-meta-header\"><div class=\"post-meta-items-wrapper\"><div class=\"post-meta-items\"><div class=\"post-meta-item post-meta-item-date\"><a href=\"https:\/\/gelecekvadisi.org\/ins\/2025\/09\/04\/\">Eyl\u00fcl 4, 2025<\/a><\/div><div class=\"post-meta-item post-meta-item-author\"><a href=\"https:\/\/gelecekvadisi.org\/ins\/author\/admin\/\">admin<\/a><\/div><\/div><\/div><\/div><h3 class=\"post-title\"><a href=\"https:\/\/gelecekvadisi.org\/ins\/yapay-zeka-araclarinin-gorunmez-yuzu-system-promptlar\/\">Yapay Zek\u00e2 Ara\u00e7lar\u0131n\u0131n G\u00f6r\u00fcnmez Y\u00fcz\u00fc: System Promptlar<\/a><\/h3><div class=\"post-content\">Yapay Zek\u00e2 Ara\u00e7lar\u0131n\u0131n G\u00f6r\u00fcnmez Y\u00fcz\u00fc: System Promptlar Yapay zek\u00e2 ara\u00e7lar\u0131yla \u00e7al\u0131\u015f\u0131rken hepimizin akl\u0131nda ayn\u0131 soru olu\u015fur:\u201cBu modelleri perde arkas\u0131nda y\u00f6neten \u015fey n<\/div><div class=\"post-labels\"><div class=\"post-categories\"><a class=\"post-category-item\" href=\"https:\/\/gelecekvadisi.org\/ins\/category\/uncategorized\/\">Uncategorized<\/a><\/div><\/div>    <\/div>\n<\/div>\n<div class=\"standard-blog-item-wrapper post view-type-column post-14033 type-post status-publish format-standard has-post-thumbnail hentry category-ai tag-ai tag-lala-ai tag-ogretmenler-icin-yapay-zeka tag-uganda\">\n    <div class=\"blog-item\">\n        <div class=\"post-media-wrapper\"><a href=\"https:\/\/gelecekvadisi.org\/ins\/ugandada-1000-ogretmene-1-yil-ucretsiz-yapay-zeka-destegi\/\"><picture><source media=\"(max-width: 575px)\" sizes=\"(max-width: 575px) 575px\" srcset=\"https:\/\/gelecekvadisi.org\/ins\/wp-content\/uploads\/2025\/08\/Uganda-ai-haberi-1-575x274.jpg 575w\"><source media=\"(max-width: 991px)\" sizes=\"(max-width: 991px) 991px\" srcset=\"https:\/\/gelecekvadisi.org\/ins\/wp-content\/uploads\/2025\/08\/Uganda-ai-haberi-1-991x472.jpg 991w\"><img decoding=\"async\" alt=\"Uganda ai haberi (1)\" title=\"Uganda ai haberi (1)\" src=\"https:\/\/gelecekvadisi.org\/ins\/wp-content\/uploads\/2025\/08\/Uganda-ai-haberi-1-1008x638.jpg\" class=\"attachment-post-thumbnail size-post-thumbnail wp-post-image\" \/><\/picture><\/a><\/div><div class=\"post-meta-header\"><div class=\"post-meta-items-wrapper\"><div class=\"post-meta-items\"><div class=\"post-meta-item post-meta-item-date\"><a href=\"https:\/\/gelecekvadisi.org\/ins\/2025\/08\/27\/\">A\u011fustos 27, 2025<\/a><\/div><div class=\"post-meta-item post-meta-item-author\"><a href=\"https:\/\/gelecekvadisi.org\/ins\/author\/admin\/\">admin<\/a><\/div><\/div><\/div><\/div><h3 class=\"post-title\"><a href=\"https:\/\/gelecekvadisi.org\/ins\/ugandada-1000-ogretmene-1-yil-ucretsiz-yapay-zeka-destegi\/\">Uganda\u2019da 1000 \u00d6\u011fretmene 1 Y\u0131l \u00dccretsiz Yapay Zek\u00e2 Deste\u011fi<\/a><\/h3><div class=\"post-content\">\u0130hlas Vakf\u0131&#8217;ndan Uganda\u2019ya Yapay Zek\u00e2 ve Teknoloji Deste\u011fi G\u00fcn\u00fcm\u00fczde yapay zek\u00e2, yaln\u0131zca geli\u015fmi\u015f \u00fclkelerin de\u011fil; d\u00fcnyan\u0131n her k\u00f6\u015fesindeki toplumlar\u0131n gelece\u011fini<\/div><div class=\"post-labels\"><div class=\"post-categories\"><a class=\"post-category-item\" href=\"https:\/\/gelecekvadisi.org\/ins\/category\/ai\/\">AI<\/a><\/div><\/div>    <\/div>\n<\/div>\n<div class=\"standard-blog-item-wrapper post view-type-column post-14024 type-post status-publish format-standard has-post-thumbnail hentry category-ai tag-api tag-gemma tag-gpt-oss tag-mistral tag-openrouter tag-qwen\">\n    <div class=\"blog-item\">\n        <div class=\"post-media-wrapper\"><a href=\"https:\/\/gelecekvadisi.org\/ins\/tek-api-onlarca-ucretsiz-yapay-zeka-modeli\/\"><picture><source media=\"(max-width: 575px)\" sizes=\"(max-width: 575px) 575px\" srcset=\"https:\/\/gelecekvadisi.org\/ins\/wp-content\/uploads\/2025\/08\/0_kM4X22D5GaxFzKPg-575x274.jpg 575w\"><source media=\"(max-width: 991px)\" sizes=\"(max-width: 991px) 991px\" srcset=\"https:\/\/gelecekvadisi.org\/ins\/wp-content\/uploads\/2025\/08\/0_kM4X22D5GaxFzKPg.jpg 991w\"><img decoding=\"async\" alt=\"0_kM4X22D5GaxFzKPg\" title=\"0_kM4X22D5GaxFzKPg\" src=\"https:\/\/gelecekvadisi.org\/ins\/wp-content\/uploads\/2025\/08\/0_kM4X22D5GaxFzKPg.jpg\" class=\"attachment-post-thumbnail size-post-thumbnail wp-post-image\" \/><\/picture><\/a><\/div><div class=\"post-meta-header\"><div class=\"post-meta-items-wrapper\"><div class=\"post-meta-items\"><div class=\"post-meta-item post-meta-item-date\"><a href=\"https:\/\/gelecekvadisi.org\/ins\/2025\/08\/21\/\">A\u011fustos 21, 2025<\/a><\/div><div class=\"post-meta-item post-meta-item-author\"><a href=\"https:\/\/gelecekvadisi.org\/ins\/author\/admin\/\">admin<\/a><\/div><\/div><\/div><\/div><h3 class=\"post-title\"><a href=\"https:\/\/gelecekvadisi.org\/ins\/tek-api-onlarca-ucretsiz-yapay-zeka-modeli\/\">Tek API, Onlarca \u00dccretsiz Yapay Zek\u00e2 Modeli!<\/a><\/h3><div class=\"post-content\">025\u2019in En Pop\u00fcler \u00dccretsiz Yapay Zek\u00e2 Modelleri (OpenRouter \u00dczerinden) OpenRouter, onlarca farkl\u0131 yapay zek\u00e2 modelini tek bir API \u00fczerinden kullan\u0131ma sunarak geli\u015ftiricilere b\u00fcy?<\/div><div class=\"post-labels\"><div class=\"post-categories\"><a class=\"post-category-item\" href=\"https:\/\/gelecekvadisi.org\/ins\/category\/ai\/\">AI<\/a><\/div><\/div>    <\/div>\n<\/div>            <\/div>\n\n                    <\/div>\n        \t\t\t\t<\/div>\n\t\t\t\t<\/div>\n\t\t\t\t\t<\/div>\n\t\t<\/div>\n\t\t\t\t\t<\/div>\n\t\t<\/section>\n\t\t\t\t<\/div>\n\t\t","protected":false},"excerpt":{"rendered":"","protected":false},"author":1,"featured_media":0,"parent":0,"menu_order":0,"comment_status":"closed","ping_status":"closed","template":"","meta":{"footnotes":""},"class_list":["post-1996","page","type-page","status-publish","hentry"],"_links":{"self":[{"href":"https:\/\/gelecekvadisi.org\/ins\/wp-json\/wp\/v2\/pages\/1996","targetHints":{"allow":["GET"]}}],"collection":[{"href":"https:\/\/gelecekvadisi.org\/ins\/wp-json\/wp\/v2\/pages"}],"about":[{"href":"https:\/\/gelecekvadisi.org\/ins\/wp-json\/wp\/v2\/types\/page"}],"author":[{"embeddable":true,"href":"https:\/\/gelecekvadisi.org\/ins\/wp-json\/wp\/v2\/users\/1"}],"replies":[{"embeddable":true,"href":"https:\/\/gelecekvadisi.org\/ins\/wp-json\/wp\/v2\/comments?post=1996"}],"version-history":[{"count":1,"href":"https:\/\/gelecekvadisi.org\/ins\/wp-json\/wp\/v2\/pages\/1996\/revisions"}],"predecessor-version":[{"id":13815,"href":"https:\/\/gelecekvadisi.org\/ins\/wp-json\/wp\/v2\/pages\/1996\/revisions\/13815"}],"wp:attachment":[{"href":"https:\/\/gelecekvadisi.org\/ins\/wp-json\/wp\/v2\/media?parent=1996"}],"curies":[{"name":"wp","href":"https:\/\/api.w.org\/{rel}","templated":true}]}}