{"id":2018,"date":"2024-12-26T16:58:08","date_gmt":"2024-12-26T16:58:08","guid":{"rendered":"https:\/\/demo.artureanec.com\/themes\/aiero\/?page_id=2018"},"modified":"2025-08-21T05:46:52","modified_gmt":"2025-08-21T05:46:52","slug":"iletisim","status":"publish","type":"page","link":"https:\/\/gelecekvadisi.org\/ins\/iletisim\/","title":{"rendered":"\u0130leti\u015fim"},"content":{"rendered":"\t\t<div data-elementor-type=\"wp-page\" data-elementor-id=\"2018\" class=\"elementor elementor-2018\">\n\t\t\t\t\t\t<section class=\"elementor-section elementor-top-section elementor-element elementor-element-385db0a8 elementor-section-stretched elementor-section-boxed elementor-section-height-default elementor-section-height-default\" data-id=\"385db0a8\" data-element_type=\"section\" data-settings=\"{&quot;stretch_section&quot;:&quot;section-stretched&quot;,&quot;background_background&quot;:&quot;classic&quot;}\">\n\t\t\t\t\t\t<div class=\"elementor-container elementor-column-gap-wide\">\n\t\t\t\t\t<div class=\"elementor-column elementor-col-50 elementor-top-column elementor-element elementor-element-509ce39c\" data-id=\"509ce39c\" data-element_type=\"column\">\n\t\t\t<div class=\"elementor-widget-wrap elementor-element-populated\">\n\t\t\t\t\t\t<section class=\"elementor-section elementor-inner-section elementor-element elementor-element-dd14e1b elementor-section-boxed elementor-section-height-default elementor-section-height-default\" data-id=\"dd14e1b\" data-element_type=\"section\">\n\t\t\t\t\t\t<div class=\"elementor-container elementor-column-gap-default\">\n\t\t\t\t\t<div class=\"elementor-column elementor-col-100 elementor-inner-column elementor-element elementor-element-354958d7\" data-id=\"354958d7\" data-element_type=\"column\">\n\t\t\t<div class=\"elementor-widget-wrap elementor-element-populated\">\n\t\t\t\t\t\t<div class=\"elementor-element elementor-element-1ef6370 elementor-widget elementor-widget-aiero_heading\" data-id=\"1ef6370\" data-element_type=\"widget\" data-widget_type=\"aiero_heading.default\">\n\t\t\t\t<div class=\"elementor-widget-container\">\n\t\t\t\t\t<div class=\"aiero-heading-widget\"><h2 class=\"aiero-heading\"><span class=\"aiero-subheading\"><span class=\"aiero-subheading-inner\"><span>get in touch<\/span><\/span><\/span><span class=\"aiero-heading-content has_gradient_color_text\"><span><span>E<\/span><span>\u011f<\/span><span>i<\/span><span>t<\/span><span>i<\/span><span>m<\/span><span>,<\/span><\/span>\u00a0<span><span>d<\/span><span>a<\/span><span>n<\/span><span>\u0131<\/span><span>\u015f<\/span><span>m<\/span><span>a<\/span><span>n<\/span><span>l<\/span><span>\u0131<\/span><span>k<\/span><\/span>\u00a0<span><span>y<\/span><span>a<\/span><\/span>\u00a0<span><span>d<\/span><span>a<\/span><\/span>\u00a0<span><span>p<\/span><span>r<\/span><span>o<\/span><span>j<\/span><span>e<\/span><span>l<\/span><span>e<\/span><span>r<\/span><span>i<\/span><span>m<\/span><span>i<\/span><span>z<\/span><span>l<\/span><span>e<\/span><\/span>\u00a0<span><span>i<\/span><span>l<\/span><span>g<\/span><span>i<\/span><span>l<\/span><span>i<\/span><\/span>\u00a0<span><span>a<\/span><span>k<\/span><span>l<\/span><span>\u0131<\/span><span>n<\/span><span>\u0131<\/span><span>z<\/span><span>a<\/span><\/span>\u00a0<span><span>t<\/span><span>a<\/span><span>k<\/span><span>\u0131<\/span><span>l<\/span><span>an <\/span><\/span><span><span>h<\/span><span>e<\/span><span>r<\/span><\/span>\u00a0<span><span>k<\/span><span>o<\/span><span>n<\/span><span>u<\/span><span>d<\/span><span>a<\/span><\/span>\u00a0<span><span>b<\/span><span>i<\/span><span>z<\/span><span>e<\/span><\/span>\u00a0<span><span>u<\/span><span>l<\/span><span>a<\/span><span>\u015f<\/span><span>a<\/span><span>b<\/span><span>i<\/span><span>l<\/span><span>i<\/span><span>r<\/span><span>s<\/span><span>i<\/span><span>niz.<\/span><\/span><\/span><\/h2><\/div>\t\t\t\t<\/div>\n\t\t\t\t<\/div>\n\t\t\t\t<div class=\"elementor-element elementor-element-514ad32b elementor-widget elementor-widget-text-editor\" data-id=\"514ad32b\" data-element_type=\"widget\" data-widget_type=\"text-editor.default\">\n\t\t\t\t<div class=\"elementor-widget-container\">\n\t\t\t\t\t\t\t\t\t<p><span class=\"word\"><span class=\"letter\">G<\/span><span class=\"letter\">e<\/span><span class=\"letter\">l<\/span><span class=\"letter\">e<\/span><span class=\"letter\">c<\/span><span class=\"letter\">e<\/span><span class=\"letter\">k<\/span><\/span>\u00a0<span class=\"word\"><span class=\"letter\">V<\/span><span class=\"letter\">a<\/span><span class=\"letter\">d<\/span><span class=\"letter\">i<\/span><span class=\"letter\">s<\/span><span class=\"letter\">i<\/span><\/span>\u00a0<span class=\"word\"><span class=\"letter\">e<\/span><span class=\"letter\">k<\/span><span class=\"letter\">i<\/span><span class=\"letter\">b<\/span><span class=\"letter\">i<\/span><span class=\"letter\">,<\/span><\/span>\u00a0<span class=\"word\"><span class=\"letter\">e<\/span><span class=\"letter\">n<\/span><\/span>\u00a0<span class=\"word\"><span class=\"letter\">k<\/span><span class=\"letter\">\u0131<\/span><span class=\"letter\">s<\/span><span class=\"letter\">a<\/span><\/span>\u00a0<span class=\"word\"><span class=\"letter\">s<\/span><span class=\"letter\">\u00fc<\/span><span class=\"letter\">r<\/span><span class=\"letter\">e<\/span><span class=\"letter\">d<\/span><span class=\"letter\">e<\/span><\/span>\u00a0<span class=\"word\"><span class=\"letter\">d<\/span><span class=\"letter\">\u00f6<\/span><span class=\"letter\">n<\/span><span class=\"letter\">\u00fc<\/span><span class=\"letter\">\u015f<\/span><\/span>\u00a0<span class=\"word\"><span class=\"letter\">y<\/span><span class=\"letter\">a<\/span><span class=\"letter\">p<\/span><span class=\"letter\">m<\/span><span class=\"letter\">a<\/span><span class=\"letter\">k<\/span><\/span>\u00a0<span class=\"word\"><span class=\"letter\">i<\/span><span class=\"letter\">\u00e7<\/span><span class=\"letter\">i<\/span><span class=\"letter\">n<\/span><\/span>\u00a0<span class=\"word\"><span class=\"letter\">h<\/span><span class=\"letter\">a<\/span><span class=\"letter\">z<\/span><span class=\"letter\">\u0131<\/span><span class=\"letter\">r.<\/span><\/span><\/p>\t\t\t\t\t\t\t\t<\/div>\n\t\t\t\t<\/div>\n\t\t\t\t\t<\/div>\n\t\t<\/div>\n\t\t\t\t\t<\/div>\n\t\t<\/section>\n\t\t\t\t<section class=\"elementor-section elementor-inner-section elementor-element elementor-element-750ee92d elementor-section-boxed elementor-section-height-default elementor-section-height-default\" data-id=\"750ee92d\" data-element_type=\"section\">\n\t\t\t\t\t\t<div class=\"elementor-container elementor-column-gap-default\">\n\t\t\t\t\t<div class=\"elementor-column elementor-col-50 elementor-inner-column elementor-element elementor-element-79fd864c\" data-id=\"79fd864c\" data-element_type=\"column\">\n\t\t\t<div class=\"elementor-widget-wrap elementor-element-populated\">\n\t\t\t\t\t\t<div class=\"elementor-element elementor-element-7c6667e elementor-widget elementor-widget-aiero_heading\" data-id=\"7c6667e\" data-element_type=\"widget\" data-widget_type=\"aiero_heading.default\">\n\t\t\t\t<div class=\"elementor-widget-container\">\n\t\t\t\t\t<div class=\"aiero-heading-widget\"><h6 class=\"aiero-heading\"><span class=\"aiero-heading-content has_gradient_color_text\">Email<\/span><\/h6><\/div>\t\t\t\t<\/div>\n\t\t\t\t<\/div>\n\t\t\t\t<div class=\"elementor-element elementor-element-64ef08ce elementor-widget elementor-widget-text-editor\" data-id=\"64ef08ce\" data-element_type=\"widget\" data-widget_type=\"text-editor.default\">\n\t\t\t\t<div class=\"elementor-widget-container\">\n\t\t\t\t\t\t\t\t\t<ul><li data-start=\"49\" data-end=\"79\"><strong>info@gelecekvadisi.org<\/strong><\/li><li><strong data-start=\"139\" data-end=\"167\"><a class=\"cursor-pointer\" rel=\"noopener\" data-start=\"141\" data-end=\"165\">global@gelecekvadisi.org<\/a><\/strong><\/li><li data-start=\"80\" data-end=\"108\"><p data-start=\"82\" data-end=\"108\"><strong data-start=\"82\" data-end=\"108\"><a class=\"cursor-pointer\" rel=\"noopener\" data-start=\"84\" data-end=\"106\">arge@gelecekvadisi.org<\/a><\/strong><\/p><\/li><li data-start=\"109\" data-end=\"136\"><p data-start=\"111\" data-end=\"136\"><strong data-start=\"111\" data-end=\"136\"><a class=\"cursor-pointer\" rel=\"noopener\" data-start=\"113\" data-end=\"134\">edu@gelecekvadisi.org<\/a><\/strong><\/p><\/li><li data-start=\"168\" data-end=\"198\"><p data-start=\"170\" data-end=\"198\"><strong data-start=\"170\" data-end=\"198\"><a class=\"cursor-pointer\" rel=\"noopener\" data-start=\"172\" data-end=\"196\">health@gelecekvadisi.org<\/a><\/strong><\/p><\/li><li><strong data-start=\"51\" data-end=\"79\"><a class=\"cursor-pointer\" rel=\"noopener\" data-start=\"53\" data-end=\"77\">arenax@gelecekvadisi.org<\/a><\/strong><\/li><li data-start=\"199\" data-end=\"232\"><p data-start=\"201\" data-end=\"232\"><strong data-start=\"201\" data-end=\"232\"><a class=\"cursor-pointer\" rel=\"noopener\" data-start=\"203\" data-end=\"230\">kutuphane@gelecekvadisi.org<\/a><\/strong><\/p><\/li><li data-start=\"233\" data-end=\"268\"><p data-start=\"235\" data-end=\"268\"><strong data-start=\"235\" data-end=\"268\"><a class=\"cursor-pointer\" rel=\"noopener\" data-start=\"237\" data-end=\"266\">partnership@gelecekvadisi.org<\/a><\/strong><\/p><\/li><li data-start=\"269\" data-end=\"298\" data-is-last-node=\"\"><p data-start=\"271\" data-end=\"298\" data-is-last-node=\"\"><strong data-start=\"271\" data-end=\"298\" data-is-last-node=\"\"><a class=\"cursor-pointer\" rel=\"noopener\" data-start=\"273\" data-end=\"296\">press@gelecekvadisi.org<\/a><\/strong><\/p><\/li><\/ul>\t\t\t\t\t\t\t\t<\/div>\n\t\t\t\t<\/div>\n\t\t\t\t\t<\/div>\n\t\t<\/div>\n\t\t\t\t<div class=\"elementor-column elementor-col-50 elementor-inner-column elementor-element elementor-element-781edec8\" data-id=\"781edec8\" data-element_type=\"column\">\n\t\t\t<div class=\"elementor-widget-wrap elementor-element-populated\">\n\t\t\t\t\t\t<div class=\"elementor-element elementor-element-78fcd27 elementor-widget elementor-widget-aiero_heading\" data-id=\"78fcd27\" data-element_type=\"widget\" data-widget_type=\"aiero_heading.default\">\n\t\t\t\t<div class=\"elementor-widget-container\">\n\t\t\t\t\t<div class=\"aiero-heading-widget\"><h6 class=\"aiero-heading\"><span class=\"aiero-heading-content has_gradient_color_text\">Adres<\/span><\/h6><\/div>\t\t\t\t<\/div>\n\t\t\t\t<\/div>\n\t\t\t\t<div class=\"elementor-element elementor-element-17ccfc6b elementor-widget elementor-widget-text-editor\" data-id=\"17ccfc6b\" data-element_type=\"widget\" data-widget_type=\"text-editor.default\">\n\t\t\t\t<div class=\"elementor-widget-container\">\n\t\t\t\t\t\t\t\t\t<p>\u00c7oban\u00e7e\u015fme Mah. Fatih Cad. Kamp\u00fcs C-Blok No: 1\/4 Yenibosna Bah\u00e7elievler \u0130stanbul<\/p>\t\t\t\t\t\t\t\t<\/div>\n\t\t\t\t<\/div>\n\t\t\t\t\t<\/div>\n\t\t<\/div>\n\t\t\t\t\t<\/div>\n\t\t<\/section>\n\t\t\t\t\t<\/div>\n\t\t<\/div>\n\t\t\t\t<div class=\"elementor-column elementor-col-50 elementor-top-column elementor-element elementor-element-745573ee\" data-id=\"745573ee\" data-element_type=\"column\" data-settings=\"{&quot;background_background&quot;:&quot;classic&quot;}\">\n\t\t\t<div class=\"elementor-widget-wrap elementor-element-populated\">\n\t\t\t\t\t\t<div class=\"elementor-element elementor-element-51ad027 wpforms-button-border-style-gradient wpforms-button-bakground-style-gradient elementor-widget elementor-widget-aiero_wpforms\" data-id=\"51ad027\" data-element_type=\"widget\" data-widget_type=\"aiero_wpforms.default\">\n\t\t\t\t<div class=\"elementor-widget-container\">\n\t\t\t\t\t        <div class=\"aiero-wpforms-widget\">\n            <h4 class=\"wpforms-widget-heading aiero-heading\"><span class=\"aiero-heading-content\">Get in Touch<\/span><\/h4><style id=\"wpforms-css-vars-13463\">\n\t\t\t\t#wpforms-13463 {\n\t\t\t\t--wpforms-container-padding: 0px;\n--wpforms-container-border-width: 1px;\n--wpforms-container-border-radius: 3px;\n--wpforms-background-color: rgba(0, 0, 0, 0);\n--wpforms-field-size-input-height: 43px;\n--wpforms-field-size-input-spacing: 15px;\n--wpforms-field-size-font-size: 16px;\n--wpforms-field-size-line-height: 19px;\n--wpforms-field-size-padding-h: 14px;\n--wpforms-field-size-checkbox-size: 16px;\n--wpforms-field-size-sublabel-spacing: 5px;\n--wpforms-field-size-icon-size: 1;\n--wpforms-label-size-font-size: 16px;\n--wpforms-label-size-line-height: 19px;\n--wpforms-label-size-sublabel-font-size: 14px;\n--wpforms-label-size-sublabel-line-height: 17px;\n--wpforms-button-size-font-size: 17px;\n--wpforms-button-size-height: 41px;\n--wpforms-button-size-padding-h: 15px;\n--wpforms-button-size-margin-top: 10px;\n--wpforms-container-shadow-size-box-shadow: none;\n\n\t\t\t}\n\t\t\t<\/style><div class=\"wpforms-container wpforms-container-full wpforms-render-modern\" id=\"wpforms-13463\"><form id=\"wpforms-form-13463\" class=\"wpforms-validate wpforms-form wpforms-ajax-form\" data-formid=\"13463\" method=\"post\" enctype=\"multipart\/form-data\" action=\"\/ins\/wp-json\/wp\/v2\/pages\/2018\" data-token=\"5cdbe033c853356e0d0122d9e078b5ac\" data-token-time=\"1776998307\"><noscript class=\"wpforms-error-noscript\">Bu formu bitirebilmek i\u00e7in taray\u0131c\u0131n\u0131zda JavaScript&#039;i etkinle\u015ftirin.<\/noscript><div id=\"wpforms-error-noscript\" style=\"display: none;\">Bu formu bitirebilmek i\u00e7in taray\u0131c\u0131n\u0131zda JavaScript&#039;i etkinle\u015ftirin.<\/div><div class=\"wpforms-field-container\"><div id=\"wpforms-13463-field_1-container\" class=\"wpforms-field wpforms-field-text\" data-field-id=\"1\"><label class=\"wpforms-field-label wpforms-label-hide\" for=\"wpforms-13463-field_1\" aria-hidden=\"false\">Full Name<\/label><input type=\"text\" id=\"wpforms-13463-field_1\" class=\"wpforms-field-large\" name=\"wpforms[fields][1]\" placeholder=\"Full Name\" aria-errormessage=\"wpforms-13463-field_1-error\" ><\/div><div id=\"wpforms-13463-field_2-container\" class=\"wpforms-field wpforms-field-email\" data-field-id=\"2\"><label class=\"wpforms-field-label wpforms-label-hide\" for=\"wpforms-13463-field_2\" aria-hidden=\"false\">Email <span class=\"wpforms-required-label\" aria-hidden=\"true\">*<\/span><\/label><input type=\"email\" id=\"wpforms-13463-field_2\" class=\"wpforms-field-large wpforms-field-required\" name=\"wpforms[fields][2]\" placeholder=\"Email\" spellcheck=\"false\" aria-errormessage=\"wpforms-13463-field_2-error\" required><\/div><div id=\"wpforms-13463-field_3-container\" class=\"wpforms-field wpforms-field-text\" data-field-id=\"3\"><label class=\"wpforms-field-label wpforms-label-hide\" for=\"wpforms-13463-field_3\" aria-hidden=\"false\">Subject<\/label><input type=\"text\" id=\"wpforms-13463-field_3\" class=\"wpforms-field-large\" name=\"wpforms[fields][3]\" placeholder=\"Subject\" aria-errormessage=\"wpforms-13463-field_3-error\" ><\/div><div id=\"wpforms-13463-field_4-container\" class=\"wpforms-field wpforms-field-textarea\" data-field-id=\"4\"><label class=\"wpforms-field-label wpforms-label-hide\" for=\"wpforms-13463-field_4\" aria-hidden=\"false\">Message<\/label><textarea id=\"wpforms-13463-field_4\" class=\"wpforms-field-medium\" name=\"wpforms[fields][4]\" placeholder=\"Message\" aria-errormessage=\"wpforms-13463-field_4-error\" ><\/textarea><\/div><\/div><!-- .wpforms-field-container --><div class=\"wpforms-submit-container\" ><input type=\"hidden\" name=\"wpforms[id]\" value=\"13463\"><input type=\"hidden\" name=\"page_title\" value=\"\"><input type=\"hidden\" name=\"page_url\" value=\"https:\/\/gelecekvadisi.org\/ins\/wp-json\/wp\/v2\/pages\/2018\"><input type=\"hidden\" name=\"url_referer\" value=\"\"><button type=\"submit\" name=\"wpforms[submit]\" id=\"wpforms-submit-13463\" class=\"wpforms-submit\" data-alt-text=\"\u0130letiliyor...\" data-submit-text=\"\u0130let\" aria-live=\"assertive\" value=\"wpforms-submit\">\u0130let<\/button><img decoding=\"async\" src=\"https:\/\/gelecekvadisi.org\/ins\/wp-content\/plugins\/wpforms-lite\/assets\/images\/submit-spin.svg\" class=\"wpforms-submit-spinner\" style=\"display: none;\" width=\"26\" height=\"26\" alt=\"Y\u00fckleniyor\"><\/div><\/form><\/div>  <!-- .wpforms-container -->        <\/div>\n        \t\t\t\t<\/div>\n\t\t\t\t<\/div>\n\t\t\t\t\t<\/div>\n\t\t<\/div>\n\t\t\t\t\t<\/div>\n\t\t<\/section>\n\t\t\t\t<section class=\"elementor-section elementor-top-section elementor-element elementor-element-d838022 elementor-section-full_width elementor-section-stretched elementor-section-height-default elementor-section-height-default\" data-id=\"d838022\" data-element_type=\"section\" data-settings=\"{&quot;stretch_section&quot;:&quot;section-stretched&quot;}\">\n\t\t\t\t\t\t<div class=\"elementor-container elementor-column-gap-no\">\n\t\t\t\t\t<div class=\"elementor-column elementor-col-100 elementor-top-column elementor-element elementor-element-4602714\" data-id=\"4602714\" data-element_type=\"column\">\n\t\t\t<div class=\"elementor-widget-wrap elementor-element-populated\">\n\t\t\t\t\t\t<div class=\"elementor-element elementor-element-fdd2c2e elementor-absolute elementor-hidden-tablet_extra elementor-hidden-tablet elementor-hidden-mobile_extra elementor-hidden-mobile elementor-widget elementor-widget-image\" data-id=\"fdd2c2e\" data-element_type=\"widget\" data-settings=\"{&quot;_position&quot;:&quot;absolute&quot;}\" data-widget_type=\"image.default\">\n\t\t\t\t<div class=\"elementor-widget-container\">\n\t\t\t\t\t\t\t\t\t\t\t\t\t\t\t<img fetchpriority=\"high\" decoding=\"async\" width=\"643\" height=\"994\" src=\"https:\/\/gelecekvadisi.org\/ins\/wp-content\/uploads\/2025\/02\/Ellipse-150-1.svg\" class=\"attachment-full size-full wp-image-5251\" alt=\"\" \/>\t\t\t\t\t\t\t\t\t\t\t\t\t\t\t<\/div>\n\t\t\t\t<\/div>\n\t\t\t\t<div class=\"elementor-element elementor-element-909a780 elementor-absolute elementor-widget elementor-widget-image\" data-id=\"909a780\" data-element_type=\"widget\" data-settings=\"{&quot;_position&quot;:&quot;absolute&quot;}\" data-widget_type=\"image.default\">\n\t\t\t\t<div class=\"elementor-widget-container\">\n\t\t\t\t\t\t\t\t\t\t\t\t\t\t\t<img decoding=\"async\" width=\"1920\" height=\"1376\" src=\"https:\/\/gelecekvadisi.org\/ins\/wp-content\/uploads\/2025\/02\/section-bg.svg\" class=\"attachment-full size-full wp-image-5198\" alt=\"\" \/>\t\t\t\t\t\t\t\t\t\t\t\t\t\t\t<\/div>\n\t\t\t\t<\/div>\n\t\t\t\t<div class=\"elementor-element elementor-element-40d3905 elementor-widget elementor-widget-google_maps\" data-id=\"40d3905\" data-element_type=\"widget\" data-widget_type=\"google_maps.default\">\n\t\t\t\t<div class=\"elementor-widget-container\">\n\t\t\t\t\t\t\t<div class=\"elementor-custom-embed\">\n\t\t\t<iframe loading=\"lazy\"\n\t\t\t\t\tsrc=\"https:\/\/maps.google.com\/maps?q=ihlas%20vakf%C4%B1&#038;t=m&#038;z=10&#038;output=embed&#038;iwloc=near\"\n\t\t\t\t\ttitle=\"ihlas vakf\u0131\"\n\t\t\t\t\taria-label=\"ihlas vakf\u0131\"\n\t\t\t><\/iframe>\n\t\t<\/div>\n\t\t\t\t\t\t<\/div>\n\t\t\t\t<\/div>\n\t\t\t\t\t<\/div>\n\t\t<\/div>\n\t\t\t\t\t<\/div>\n\t\t<\/section>\n\t\t\t\t<section class=\"elementor-section elementor-top-section elementor-element elementor-element-8e77d63 elementor-section-full_width elementor-section-stretched elementor-section-height-default elementor-section-height-default\" data-id=\"8e77d63\" data-element_type=\"section\" data-settings=\"{&quot;stretch_section&quot;:&quot;section-stretched&quot;}\">\n\t\t\t\t\t\t<div class=\"elementor-container elementor-column-gap-no\">\n\t\t\t\t\t<div class=\"elementor-column elementor-col-100 elementor-top-column elementor-element elementor-element-5234dfc\" data-id=\"5234dfc\" data-element_type=\"column\">\n\t\t\t<div class=\"elementor-widget-wrap elementor-element-populated\">\n\t\t\t\t\t\t<section class=\"elementor-section elementor-inner-section elementor-element elementor-element-a04bc6f elementor-section-height-min-height elementor-section-boxed elementor-section-height-default\" data-id=\"a04bc6f\" data-element_type=\"section\" data-settings=\"{&quot;background_background&quot;:&quot;classic&quot;}\">\n\t\t\t\t\t\t<div class=\"elementor-container elementor-column-gap-default\">\n\t\t\t\t\t<div class=\"elementor-column elementor-col-50 elementor-inner-column elementor-element elementor-element-fe8df17\" data-id=\"fe8df17\" data-element_type=\"column\">\n\t\t\t<div class=\"elementor-widget-wrap\">\n\t\t\t\t\t\t\t<\/div>\n\t\t<\/div>\n\t\t\t\t<div class=\"elementor-column elementor-col-50 elementor-inner-column elementor-element elementor-element-37af403\" data-id=\"37af403\" data-element_type=\"column\">\n\t\t\t<div class=\"elementor-widget-wrap\">\n\t\t\t\t\t\t\t<\/div>\n\t\t<\/div>\n\t\t\t\t\t<\/div>\n\t\t<\/section>\n\t\t\t\t\t<\/div>\n\t\t<\/div>\n\t\t\t\t\t<\/div>\n\t\t<\/section>\n\t\t\t\t<\/div>\n\t\t","protected":false},"excerpt":{"rendered":"<p>Gelecek\u00a0Vadisi\u00a0ekibi,\u00a0en\u00a0k\u0131sa\u00a0s\u00fcrede\u00a0d\u00f6n\u00fc\u015f\u00a0yapmak\u00a0i\u00e7in\u00a0haz\u0131r. info@gelecekvadisi.org global@gelecekvadisi.org arge@gelecekvadisi.org edu@gelecekvadisi.org health@gelecekvadisi.org arenax@gelecekvadisi.org kutuphane@gelecekvadisi.org partnership@gelecekvadisi.org press@gelecekvadisi.org \u00c7oban\u00e7e\u015fme Mah. Fatih Cad. Kamp\u00fcs C-Blok No: 1\/4 Yenibosna Bah\u00e7elievler \u0130stanbul<\/p>\n","protected":false},"author":1,"featured_media":0,"parent":0,"menu_order":0,"comment_status":"closed","ping_status":"closed","template":"","meta":{"footnotes":""},"class_list":["post-2018","page","type-page","status-publish","hentry"],"_links":{"self":[{"href":"https:\/\/gelecekvadisi.org\/ins\/wp-json\/wp\/v2\/pages\/2018","targetHints":{"allow":["GET"]}}],"collection":[{"href":"https:\/\/gelecekvadisi.org\/ins\/wp-json\/wp\/v2\/pages"}],"about":[{"href":"https:\/\/gelecekvadisi.org\/ins\/wp-json\/wp\/v2\/types\/page"}],"author":[{"embeddable":true,"href":"https:\/\/gelecekvadisi.org\/ins\/wp-json\/wp\/v2\/users\/1"}],"replies":[{"embeddable":true,"href":"https:\/\/gelecekvadisi.org\/ins\/wp-json\/wp\/v2\/comments?post=2018"}],"version-history":[{"count":10,"href":"https:\/\/gelecekvadisi.org\/ins\/wp-json\/wp\/v2\/pages\/2018\/revisions"}],"predecessor-version":[{"id":14000,"href":"https:\/\/gelecekvadisi.org\/ins\/wp-json\/wp\/v2\/pages\/2018\/revisions\/14000"}],"wp:attachment":[{"href":"https:\/\/gelecekvadisi.org\/ins\/wp-json\/wp\/v2\/media?parent=2018"}],"curies":[{"name":"wp","href":"https:\/\/api.w.org\/{rel}","templated":true}]}}