{"id":489,"date":"2022-12-10T17:09:31","date_gmt":"2022-12-10T17:09:31","guid":{"rendered":"https:\/\/demo.artureanec.com\/themes\/aiero\/?page_id=489"},"modified":"2025-08-20T06:42:13","modified_gmt":"2025-08-20T06:42:13","slug":"hakkimizda","status":"publish","type":"page","link":"https:\/\/gelecekvadisi.org\/ins\/hakkimizda\/","title":{"rendered":"Hakk\u0131m\u0131zda"},"content":{"rendered":"\t\t<div data-elementor-type=\"wp-page\" data-elementor-id=\"489\" class=\"elementor elementor-489\">\n\t\t\t\t\t\t<section class=\"elementor-section elementor-top-section elementor-element elementor-element-23a85f2 elementor-section-boxed elementor-section-height-default elementor-section-height-default\" data-id=\"23a85f2\" data-element_type=\"section\">\n\t\t\t\t\t\t<div class=\"elementor-container elementor-column-gap-default\">\n\t\t\t\t\t<div class=\"elementor-column elementor-col-50 elementor-top-column elementor-element elementor-element-36745c3\" data-id=\"36745c3\" data-element_type=\"column\">\n\t\t\t<div class=\"elementor-widget-wrap elementor-element-populated\">\n\t\t\t\t\t\t<div class=\"elementor-element elementor-element-2fad6c2 elementor-widget-tablet_extra__width-initial elementor-invisible elementor-widget elementor-widget-aiero_heading\" data-id=\"2fad6c2\" data-element_type=\"widget\" data-settings=\"{&quot;_animation&quot;:&quot;aiero_heading_animation&quot;,&quot;_animation_delay&quot;:300}\" data-widget_type=\"aiero_heading.default\">\n\t\t\t\t<div class=\"elementor-widget-container\">\n\t\t\t\t\t<div class=\"aiero-heading-widget\"><h2 class=\"aiero-heading\"><span class=\"aiero-subheading\"><span class=\"aiero-subheading-inner\"><span>E\u011fitim ve Sa\u011fl\u0131k l\u00fcks de\u011fildir.<\/span><\/span><\/span><span class=\"aiero-heading-content has_gradient_color_text\">\u0130nsanl\u0131k i\u00e7in geli\u015ftirilen teknoloji, insan\u0131 merkeze almal\u0131d\u0131r. Biz bu dengeyi koruyoruz.\"<\/span><\/h2><\/div>\t\t\t\t<\/div>\n\t\t\t\t<\/div>\n\t\t\t\t\t<\/div>\n\t\t<\/div>\n\t\t\t\t<div class=\"elementor-column elementor-col-50 elementor-top-column elementor-element elementor-element-02f4c43\" data-id=\"02f4c43\" data-element_type=\"column\">\n\t\t\t<div class=\"elementor-widget-wrap elementor-element-populated\">\n\t\t\t\t\t\t<div class=\"elementor-element elementor-element-e6c7d4e elementor-widget__width-auto elementor-widget elementor-widget-image\" data-id=\"e6c7d4e\" data-element_type=\"widget\" data-widget_type=\"image.default\">\n\t\t\t\t<div class=\"elementor-widget-container\">\n\t\t\t\t\t\t\t\t\t\t\t\t\t\t\t<img decoding=\"async\" width=\"286\" height=\"98\" src=\"https:\/\/gelecekvadisi.org\/ins\/wp-content\/uploads\/2024\/12\/XXX.png\" class=\"attachment-large size-large wp-image-495\" alt=\"\" \/>\t\t\t\t\t\t\t\t\t\t\t\t\t\t\t<\/div>\n\t\t\t\t<\/div>\n\t\t\t\t\t<\/div>\n\t\t<\/div>\n\t\t\t\t\t<\/div>\n\t\t<\/section>\n\t\t\t\t<section class=\"elementor-section elementor-top-section elementor-element elementor-element-f3e9f82 elementor-section-boxed elementor-section-height-default elementor-section-height-default\" data-id=\"f3e9f82\" data-element_type=\"section\">\n\t\t\t\t\t\t<div class=\"elementor-container elementor-column-gap-wide\">\n\t\t\t\t\t<div class=\"elementor-column elementor-col-50 elementor-top-column elementor-element elementor-element-9992850\" data-id=\"9992850\" data-element_type=\"column\">\n\t\t\t<div class=\"elementor-widget-wrap elementor-element-populated\">\n\t\t\t\t\t\t<div class=\"elementor-element elementor-element-4a30988 elementor-widget elementor-widget-aiero_special_text\" data-id=\"4a30988\" data-element_type=\"widget\" data-widget_type=\"aiero_special_text.default\">\n\t\t\t\t<div class=\"elementor-widget-container\">\n\t\t\t\t\t<div class=\"special-text-wrapper\"><div class=\"special-text special-text-effect-fill\">Gelecek<br \/>Vadisi<\/div><\/div>\t\t\t\t<\/div>\n\t\t\t\t<\/div>\n\t\t\t\t\t<\/div>\n\t\t<\/div>\n\t\t\t\t<div class=\"elementor-column elementor-col-50 elementor-top-column elementor-element elementor-element-c6c4356\" data-id=\"c6c4356\" data-element_type=\"column\">\n\t\t\t<div class=\"elementor-widget-wrap elementor-element-populated\">\n\t\t\t\t\t\t<div class=\"elementor-element elementor-element-0c56acd elementor-widget elementor-widget-text-editor\" data-id=\"0c56acd\" data-element_type=\"widget\" data-widget_type=\"text-editor.default\">\n\t\t\t\t<div class=\"elementor-widget-container\">\n\t\t\t\t\t\t\t\t\t<p>Gelecek Vadisi, \u0130hlas Vakf\u0131\u2019n\u0131n \u00f6nc\u00fcl\u00fc\u011f\u00fcnde kurulan; e\u011fitim, sa\u011fl\u0131k ve yapay zek\u00e2 teknolojilerinde kamu yarar\u0131n\u0131 \u00f6nceleyen bir teknoloji program\u0131d\u0131r.<\/p><p><strong>K\u00e2r amac\u0131 g\u00fctmeyen yap\u0131s\u0131 sayesinde ticari bask\u0131lardan uzak, vicdani ve bilimsel bir \u00e7er\u00e7evede inovasyon \u00fcretir. <\/strong><\/p><p>3. d\u00fcnya \u00fclkelerine, kamu kurumlar\u0131na ve \u00e7ocuklara y\u00f6nelik projeler geli\u015ftirir. E\u011fitimden AR-GE\u2019ye, yaz\u0131l\u0131m geli\u015ftirmeden dan\u0131\u015fmanl\u0131\u011fa kadar geni\u015f bir yelpazede s\u00fcrd\u00fcr\u00fclebilir d\u00f6n\u00fc\u015f\u00fcmler sa\u011flar.<\/p>\t\t\t\t\t\t\t\t<\/div>\n\t\t\t\t<\/div>\n\t\t\t\t\t<\/div>\n\t\t<\/div>\n\t\t\t\t\t<\/div>\n\t\t<\/section>\n\t\t\t\t<section class=\"elementor-section elementor-top-section elementor-element elementor-element-54f99d4 elementor-section-full_width elementor-section-stretched elementor-section-height-default elementor-section-height-default\" data-id=\"54f99d4\" data-element_type=\"section\" data-settings=\"{&quot;stretch_section&quot;:&quot;section-stretched&quot;}\">\n\t\t\t\t\t\t<div class=\"elementor-container elementor-column-gap-no\">\n\t\t\t\t\t<div class=\"elementor-column elementor-col-100 elementor-top-column elementor-element elementor-element-84553e8\" data-id=\"84553e8\" data-element_type=\"column\">\n\t\t\t<div class=\"elementor-widget-wrap elementor-element-populated\">\n\t\t\t\t\t\t<div class=\"elementor-element elementor-element-4d70659 elementor-widget elementor-widget-aiero_special_text\" data-id=\"4d70659\" data-element_type=\"widget\" data-widget_type=\"aiero_special_text.default\">\n\t\t\t\t<div class=\"elementor-widget-container\">\n\t\t\t\t\t<div class=\"special-text-wrapper animate animated animation-direction-left\"><div class=\"special-text\">\/ Veriye De\u011fil De\u011fere Odakl\u0131 Yapay Zek\u00e2&nbsp;<\/div><div class=\"special-text\">\/ Veriye De\u011fil De\u011fere Odakl\u0131 Yapay Zek\u00e2&nbsp;<\/div><\/div>\t\t\t\t<\/div>\n\t\t\t\t<\/div>\n\t\t\t\t\t<\/div>\n\t\t<\/div>\n\t\t\t\t\t<\/div>\n\t\t<\/section>\n\t\t\t\t<section class=\"elementor-section elementor-top-section elementor-element elementor-element-cf8f531 elementor-section-full_width elementor-section-stretched elementor-section-height-default elementor-section-height-default\" data-id=\"cf8f531\" data-element_type=\"section\" data-settings=\"{&quot;stretch_section&quot;:&quot;section-stretched&quot;}\">\n\t\t\t\t\t\t<div class=\"elementor-container elementor-column-gap-no\">\n\t\t\t\t\t<div class=\"elementor-column elementor-col-50 elementor-top-column elementor-element elementor-element-ab0c01a\" data-id=\"ab0c01a\" data-element_type=\"column\" data-settings=\"{&quot;background_background&quot;:&quot;classic&quot;}\">\n\t\t\t<div class=\"elementor-widget-wrap elementor-element-populated\">\n\t\t\t\t\t\t<div class=\"elementor-element elementor-element-7ab1c9c elementor-widget elementor-widget-aiero_heading\" data-id=\"7ab1c9c\" data-element_type=\"widget\" data-widget_type=\"aiero_heading.default\">\n\t\t\t\t<div class=\"elementor-widget-container\">\n\t\t\t\t\t<div class=\"aiero-heading-widget\"><h2 class=\"aiero-heading\"><span class=\"aiero-heading-content has_gradient_color_text\">Misyon<\/span><\/h2><\/div>\t\t\t\t<\/div>\n\t\t\t\t<\/div>\n\t\t\t\t<div class=\"elementor-element elementor-element-3a0cd69 elementor-widget elementor-widget-text-editor\" data-id=\"3a0cd69\" data-element_type=\"widget\" data-widget_type=\"text-editor.default\">\n\t\t\t\t<div class=\"elementor-widget-container\">\n\t\t\t\t\t\t\t\t\t<p data-start=\"227\" data-end=\"316\"><strong data-start=\"227\" data-end=\"316\">\u201cE\u011fitim D\u00fcnyay\u0131 De\u011fi\u015ftirir\u201d \u00e7\u00fcnk\u00fc bilgi yaln\u0131zca bireyi de\u011fil, toplumu da d\u00f6n\u00fc\u015ft\u00fcr\u00fcr.<\/strong><\/p><p data-start=\"318\" data-end=\"718\">Gelecek Vadisi, bu d\u00f6n\u00fc\u015f\u00fcm\u00fcn en kritik bile\u015feni olan <strong data-start=\"371\" data-end=\"386\">teknolojiyi<\/strong>, e\u011fitimin hizmetine sunar. Yapay zek\u00e2 destekli i\u00e7erikler, etik temelli yaz\u0131l\u0131mlar ve oyunla\u015ft\u0131r\u0131lm\u0131\u015f \u00f6\u011frenme sistemleriyle \u00e7ocuklar\u0131n, \u00f6\u011fretmenlerin ve kamu kurumlar\u0131n\u0131n potansiyelini en \u00fcst seviyeye ta\u015f\u0131r. Biz biliyoruz ki; do\u011fru e\u011fitim, vicdanla bulu\u015ftu\u011funda yaln\u0131zca bireyi de\u011fil, t\u00fcm insanl\u0131\u011f\u0131 daha ayd\u0131nl\u0131k bir gelece\u011fe ta\u015f\u0131r.<\/p>\t\t\t\t\t\t\t\t<\/div>\n\t\t\t\t<\/div>\n\t\t\t\t<div class=\"elementor-element elementor-element-a607369 elementor-widget elementor-widget-image\" data-id=\"a607369\" data-element_type=\"widget\" data-widget_type=\"image.default\">\n\t\t\t\t<div class=\"elementor-widget-container\">\n\t\t\t\t\t\t\t\t\t\t\t\t\t\t\t<img fetchpriority=\"high\" decoding=\"async\" width=\"548\" height=\"188\" src=\"https:\/\/gelecekvadisi.org\/ins\/wp-content\/uploads\/2024\/12\/XXX-1.png\" class=\"attachment-large size-large wp-image-557\" alt=\"\" srcset=\"https:\/\/gelecekvadisi.org\/ins\/wp-content\/uploads\/2024\/12\/XXX-1.png 548w, https:\/\/gelecekvadisi.org\/ins\/wp-content\/uploads\/2024\/12\/XXX-1-300x103.png 300w\" sizes=\"(max-width: 548px) 100vw, 548px\" \/>\t\t\t\t\t\t\t\t\t\t\t\t\t\t\t<\/div>\n\t\t\t\t<\/div>\n\t\t\t\t\t<\/div>\n\t\t<\/div>\n\t\t\t\t<div class=\"elementor-column elementor-col-50 elementor-top-column elementor-element elementor-element-00ed5ba\" data-id=\"00ed5ba\" data-element_type=\"column\" data-settings=\"{&quot;background_background&quot;:&quot;classic&quot;}\">\n\t\t\t<div class=\"elementor-widget-wrap elementor-element-populated\">\n\t\t\t\t\t<div class=\"elementor-background-overlay\"><\/div>\n\t\t\t\t\t\t<section class=\"elementor-section elementor-inner-section elementor-element elementor-element-45baeb8 elementor-section-content-bottom elementor-section-container-padding-remove elementor-section-boxed elementor-section-height-default elementor-section-height-default\" data-id=\"45baeb8\" data-element_type=\"section\">\n\t\t\t\t\t\t<div class=\"elementor-container elementor-column-gap-default\">\n\t\t\t\t\t<div class=\"elementor-column elementor-col-50 elementor-inner-column elementor-element elementor-element-7ec1279\" data-id=\"7ec1279\" data-element_type=\"column\">\n\t\t\t<div class=\"elementor-widget-wrap elementor-element-populated\">\n\t\t\t\t\t\t<div class=\"elementor-element elementor-element-9cf5e55 elementor-widget elementor-widget-aiero_heading\" data-id=\"9cf5e55\" data-element_type=\"widget\" data-widget_type=\"aiero_heading.default\">\n\t\t\t\t<div class=\"elementor-widget-container\">\n\t\t\t\t\t<div class=\"aiero-heading-widget\"><h3 class=\"aiero-heading\"><span class=\"aiero-heading-content has_gradient_color_text\">E\u011fitim, d\u00fcnyay\u0131 de\u011fi\u015ftirmek i\u00e7in kullanabilece\u011finiz en g\u00fc\u00e7l\u00fc silaht\u0131r.\u201d<\/span><\/h3><\/div>\t\t\t\t<\/div>\n\t\t\t\t<\/div>\n\t\t\t\t\t<\/div>\n\t\t<\/div>\n\t\t\t\t<div class=\"elementor-column elementor-col-50 elementor-inner-column elementor-element elementor-element-9707c56\" data-id=\"9707c56\" data-element_type=\"column\">\n\t\t\t<div class=\"elementor-widget-wrap elementor-element-populated\">\n\t\t\t\t\t\t<div class=\"elementor-element elementor-element-24dbca3 e-transform e-transform elementor-widget elementor-widget-counter\" data-id=\"24dbca3\" data-element_type=\"widget\" data-settings=\"{&quot;_transform_rotateZ_effect&quot;:{&quot;unit&quot;:&quot;px&quot;,&quot;size&quot;:90,&quot;sizes&quot;:[]},&quot;_transform_translateX_effect&quot;:{&quot;unit&quot;:&quot;%&quot;,&quot;size&quot;:&quot;&quot;,&quot;sizes&quot;:[]},&quot;_transform_translateX_effect_laptop&quot;:{&quot;unit&quot;:&quot;%&quot;,&quot;size&quot;:&quot;&quot;,&quot;sizes&quot;:[]},&quot;_transform_translateX_effect_tablet_extra&quot;:{&quot;unit&quot;:&quot;%&quot;,&quot;size&quot;:&quot;&quot;,&quot;sizes&quot;:[]},&quot;_transform_translateX_effect_tablet&quot;:{&quot;unit&quot;:&quot;%&quot;,&quot;size&quot;:&quot;&quot;,&quot;sizes&quot;:[]},&quot;_transform_translateX_effect_mobile_extra&quot;:{&quot;unit&quot;:&quot;%&quot;,&quot;size&quot;:&quot;&quot;,&quot;sizes&quot;:[]},&quot;_transform_translateX_effect_mobile&quot;:{&quot;unit&quot;:&quot;%&quot;,&quot;size&quot;:&quot;&quot;,&quot;sizes&quot;:[]},&quot;_transform_translateY_effect&quot;:{&quot;unit&quot;:&quot;%&quot;,&quot;size&quot;:100,&quot;sizes&quot;:[]},&quot;_transform_translateY_effect_laptop&quot;:{&quot;unit&quot;:&quot;%&quot;,&quot;size&quot;:&quot;&quot;,&quot;sizes&quot;:[]},&quot;_transform_translateY_effect_tablet_extra&quot;:{&quot;unit&quot;:&quot;%&quot;,&quot;size&quot;:&quot;&quot;,&quot;sizes&quot;:[]},&quot;_transform_translateY_effect_tablet&quot;:{&quot;unit&quot;:&quot;%&quot;,&quot;size&quot;:&quot;&quot;,&quot;sizes&quot;:[]},&quot;_transform_translateY_effect_mobile_extra&quot;:{&quot;unit&quot;:&quot;%&quot;,&quot;size&quot;:&quot;&quot;,&quot;sizes&quot;:[]},&quot;_transform_translateY_effect_mobile&quot;:{&quot;unit&quot;:&quot;%&quot;,&quot;size&quot;:0,&quot;sizes&quot;:[]},&quot;_transform_rotateZ_effect_mobile&quot;:{&quot;unit&quot;:&quot;deg&quot;,&quot;size&quot;:0,&quot;sizes&quot;:[]},&quot;_transform_rotateZ_effect_widescreen&quot;:{&quot;unit&quot;:&quot;deg&quot;,&quot;size&quot;:&quot;&quot;,&quot;sizes&quot;:[]},&quot;_transform_rotateZ_effect_laptop&quot;:{&quot;unit&quot;:&quot;deg&quot;,&quot;size&quot;:&quot;&quot;,&quot;sizes&quot;:[]},&quot;_transform_rotateZ_effect_tablet_extra&quot;:{&quot;unit&quot;:&quot;deg&quot;,&quot;size&quot;:&quot;&quot;,&quot;sizes&quot;:[]},&quot;_transform_rotateZ_effect_tablet&quot;:{&quot;unit&quot;:&quot;deg&quot;,&quot;size&quot;:&quot;&quot;,&quot;sizes&quot;:[]},&quot;_transform_rotateZ_effect_mobile_extra&quot;:{&quot;unit&quot;:&quot;deg&quot;,&quot;size&quot;:&quot;&quot;,&quot;sizes&quot;:[]},&quot;_transform_translateX_effect_widescreen&quot;:{&quot;unit&quot;:&quot;px&quot;,&quot;size&quot;:&quot;&quot;,&quot;sizes&quot;:[]},&quot;_transform_translateY_effect_widescreen&quot;:{&quot;unit&quot;:&quot;px&quot;,&quot;size&quot;:&quot;&quot;,&quot;sizes&quot;:[]}}\" data-widget_type=\"counter.default\">\n\t\t\t\t<div class=\"elementor-widget-container\">\n\t\t\t\t\t\t\t<div class=\"elementor-counter\">\n\t\t\t\t\t\t<div class=\"elementor-counter-number-wrapper\">\n\t\t\t\t<span class=\"elementor-counter-number-prefix\"><\/span>\n\t\t\t\t<span class=\"elementor-counter-number\" data-duration=\"2000\" data-to-value=\"20\" data-from-value=\"0\" data-delimiter=\",\">0<\/span>\n\t\t\t\t<span class=\"elementor-counter-number-suffix\">k+<\/span>\n\t\t\t<\/div>\n\t\t<\/div>\n\t\t\t\t\t\t<\/div>\n\t\t\t\t<\/div>\n\t\t\t\t<div class=\"elementor-element elementor-element-50eac2d elementor-widget elementor-widget-aiero_heading\" data-id=\"50eac2d\" data-element_type=\"widget\" data-widget_type=\"aiero_heading.default\">\n\t\t\t\t<div class=\"elementor-widget-container\">\n\t\t\t\t\t<div class=\"aiero-heading-widget\"><h6 class=\"aiero-heading\"><span class=\"aiero-heading-content has_gradient_color_text\">\u00f6\u011frenciye\u00a0ula\u015f\u0131ld\u0131.<\/span><\/h6><\/div>\t\t\t\t<\/div>\n\t\t\t\t<\/div>\n\t\t\t\t\t<\/div>\n\t\t<\/div>\n\t\t\t\t\t<\/div>\n\t\t<\/section>\n\t\t\t\t\t<\/div>\n\t\t<\/div>\n\t\t\t\t\t<\/div>\n\t\t<\/section>\n\t\t\t\t<section class=\"elementor-section elementor-top-section elementor-element elementor-element-8615cd6 elementor-section-full_width elementor-section-stretched elementor-section-height-default elementor-section-height-default\" data-id=\"8615cd6\" data-element_type=\"section\" data-settings=\"{&quot;stretch_section&quot;:&quot;section-stretched&quot;}\">\n\t\t\t\t\t\t<div class=\"elementor-container elementor-column-gap-no\">\n\t\t\t\t\t<div class=\"elementor-column elementor-col-100 elementor-top-column elementor-element elementor-element-0d76826\" data-id=\"0d76826\" data-element_type=\"column\">\n\t\t\t<div class=\"elementor-widget-wrap elementor-element-populated\">\n\t\t\t\t\t\t<div class=\"elementor-element elementor-element-d4d629c elementor-absolute elementor-widget elementor-widget-image\" data-id=\"d4d629c\" data-element_type=\"widget\" data-settings=\"{&quot;_position&quot;:&quot;absolute&quot;}\" data-widget_type=\"image.default\">\n\t\t\t\t<div class=\"elementor-widget-container\">\n\t\t\t\t\t\t\t\t\t\t\t\t\t\t\t<img decoding=\"async\" width=\"1920\" height=\"1679\" src=\"https:\/\/gelecekvadisi.org\/ins\/wp-content\/uploads\/2025\/02\/about-us-gradient.svg\" class=\"attachment-full size-full wp-image-5208\" alt=\"\" \/>\t\t\t\t\t\t\t\t\t\t\t\t\t\t\t<\/div>\n\t\t\t\t<\/div>\n\t\t\t\t\t<\/div>\n\t\t<\/div>\n\t\t\t\t\t<\/div>\n\t\t<\/section>\n\t\t\t\t<section class=\"elementor-section elementor-top-section elementor-element elementor-element-fa54647 elementor-section-boxed elementor-section-height-default elementor-section-height-default\" data-id=\"fa54647\" data-element_type=\"section\">\n\t\t\t\t\t\t<div class=\"elementor-container elementor-column-gap-wide\">\n\t\t\t\t\t<div class=\"elementor-column elementor-col-50 elementor-top-column elementor-element elementor-element-8a06cc8\" data-id=\"8a06cc8\" data-element_type=\"column\">\n\t\t\t<div class=\"elementor-widget-wrap elementor-element-populated\">\n\t\t\t\t\t\t<div class=\"elementor-element elementor-element-6dd8244 elementor-widget elementor-widget-image\" data-id=\"6dd8244\" data-element_type=\"widget\" data-widget_type=\"image.default\">\n\t\t\t\t<div class=\"elementor-widget-container\">\n\t\t\t\t\t\t\t\t\t\t\t\t\t\t\t<img loading=\"lazy\" decoding=\"async\" width=\"574\" height=\"749\" src=\"https:\/\/gelecekvadisi.org\/ins\/wp-content\/uploads\/2025\/01\/elements-1.png\" class=\"attachment-large size-large wp-image-2780\" alt=\"\" srcset=\"https:\/\/gelecekvadisi.org\/ins\/wp-content\/uploads\/2025\/01\/elements-1.png 574w, https:\/\/gelecekvadisi.org\/ins\/wp-content\/uploads\/2025\/01\/elements-1-230x300.png 230w\" sizes=\"(max-width: 574px) 100vw, 574px\" \/>\t\t\t\t\t\t\t\t\t\t\t\t\t\t\t<\/div>\n\t\t\t\t<\/div>\n\t\t\t\t\t<\/div>\n\t\t<\/div>\n\t\t\t\t<div class=\"elementor-column elementor-col-50 elementor-top-column elementor-element elementor-element-28e995a\" data-id=\"28e995a\" data-element_type=\"column\">\n\t\t\t<div class=\"elementor-widget-wrap elementor-element-populated\">\n\t\t\t\t\t\t<div class=\"elementor-element elementor-element-4645bb4 elementor-widget elementor-widget-aiero_heading\" data-id=\"4645bb4\" data-element_type=\"widget\" data-widget_type=\"aiero_heading.default\">\n\t\t\t\t<div class=\"elementor-widget-container\">\n\t\t\t\t\t<div class=\"aiero-heading-widget\"><h2 class=\"aiero-heading\"><span class=\"aiero-heading-content has_gradient_color_text\">E\u011fitim d\u00fcnyay\u0131 de\u011fi\u015ftirir, <del>biz de e\u011fitimi\u2026<\/del><\/span><\/h2><\/div>\t\t\t\t<\/div>\n\t\t\t\t<\/div>\n\t\t\t\t\t<\/div>\n\t\t<\/div>\n\t\t\t\t\t<\/div>\n\t\t<\/section>\n\t\t\t\t<\/div>\n\t\t","protected":false},"excerpt":{"rendered":"<p>Gelecek Vadisi, \u0130hlas Vakf\u0131\u2019n\u0131n \u00f6nc\u00fcl\u00fc\u011f\u00fcnde kurulan; e\u011fitim, sa\u011fl\u0131k ve yapay zek\u00e2 teknolojilerinde kamu yarar\u0131n\u0131 \u00f6nceleyen bir teknoloji program\u0131d\u0131r. K\u00e2r amac\u0131 g\u00fctmeyen yap\u0131s\u0131 sayesinde ticari bask\u0131lardan uzak, vicdani ve bilimsel bir \u00e7er\u00e7evede inovasyon \u00fcretir. 3. d\u00fcnya \u00fclkelerine, kamu kurumlar\u0131na ve \u00e7ocuklara y\u00f6nelik&#8230;<\/p>\n","protected":false},"author":1,"featured_media":0,"parent":0,"menu_order":0,"comment_status":"closed","ping_status":"closed","template":"","meta":{"footnotes":""},"class_list":["post-489","page","type-page","status-publish","hentry"],"_links":{"self":[{"href":"https:\/\/gelecekvadisi.org\/ins\/wp-json\/wp\/v2\/pages\/489","targetHints":{"allow":["GET"]}}],"collection":[{"href":"https:\/\/gelecekvadisi.org\/ins\/wp-json\/wp\/v2\/pages"}],"about":[{"href":"https:\/\/gelecekvadisi.org\/ins\/wp-json\/wp\/v2\/types\/page"}],"author":[{"embeddable":true,"href":"https:\/\/gelecekvadisi.org\/ins\/wp-json\/wp\/v2\/users\/1"}],"replies":[{"embeddable":true,"href":"https:\/\/gelecekvadisi.org\/ins\/wp-json\/wp\/v2\/comments?post=489"}],"version-history":[{"count":10,"href":"https:\/\/gelecekvadisi.org\/ins\/wp-json\/wp\/v2\/pages\/489\/revisions"}],"predecessor-version":[{"id":13971,"href":"https:\/\/gelecekvadisi.org\/ins\/wp-json\/wp\/v2\/pages\/489\/revisions\/13971"}],"wp:attachment":[{"href":"https:\/\/gelecekvadisi.org\/ins\/wp-json\/wp\/v2\/media?parent=489"}],"curies":[{"name":"wp","href":"https:\/\/api.w.org\/{rel}","templated":true}]}}